{"id":4,"date":"2014-05-12T11:18:59","date_gmt":"2014-05-12T11:18:59","guid":{"rendered":"http:\/\/haense.de\/industriereinigung\/home\/"},"modified":"2016-04-26T10:32:34","modified_gmt":"2016-04-26T10:32:34","slug":"home","status":"publish","type":"page","link":"https:\/\/haense.de\/industriereinigung\/","title":{"rendered":"Herzlich willkommen bei Haense Industriereinigung"},"content":{"rendered":"<p>Als kompetenter Ansprechpartner steht die Haense Industriereinigungen f\u00fcr Qualit\u00e4t, Zuverl\u00e4ssigkeit und Flexibilit\u00e4t europaweit f\u00fcr alle Kraftwerksreinigungen.<\/p>","protected":false},"excerpt":{"rendered":"<p>Als kompetenter Ansprechpartner steht die Haense Industriereinigungen f\u00fcr Qualit\u00e4t, Zuverl\u00e4ssigkeit und Flexibilit\u00e4t europaweit f\u00fcr alle Kraftwerksreinigungen.<\/p>\n","protected":false},"author":1,"featured_media":114,"parent":0,"menu_order":-1,"comment_status":"open","ping_status":"open","template":"","meta":{"footnotes":""},"class_list":["post-4","page","type-page","status-publish","has-post-thumbnail","hentry"],"_links":{"self":[{"href":"https:\/\/haense.de\/industriereinigung\/wp-json\/wp\/v2\/pages\/4","targetHints":{"allow":["GET"]}}],"collection":[{"href":"https:\/\/haense.de\/industriereinigung\/wp-json\/wp\/v2\/pages"}],"about":[{"href":"https:\/\/haense.de\/industriereinigung\/wp-json\/wp\/v2\/types\/page"}],"author":[{"embeddable":true,"href":"https:\/\/haense.de\/industriereinigung\/wp-json\/wp\/v2\/users\/1"}],"replies":[{"embeddable":true,"href":"https:\/\/haense.de\/industriereinigung\/wp-json\/wp\/v2\/comments?post=4"}],"version-history":[{"count":5,"href":"https:\/\/haense.de\/industriereinigung\/wp-json\/wp\/v2\/pages\/4\/revisions"}],"predecessor-version":[{"id":59,"href":"https:\/\/haense.de\/industriereinigung\/wp-json\/wp\/v2\/pages\/4\/revisions\/59"}],"wp:featuredmedia":[{"embeddable":true,"href":"https:\/\/haense.de\/industriereinigung\/wp-json\/wp\/v2\/media\/114"}],"wp:attachment":[{"href":"https:\/\/haense.de\/industriereinigung\/wp-json\/wp\/v2\/media?parent=4"}],"curies":[{"name":"wp","href":"https:\/\/api.w.org\/{rel}","templated":true}]}}