{"id":4,"date":"2014-05-12T10:25:55","date_gmt":"2014-05-12T10:25:55","guid":{"rendered":"http:\/\/haense.de\/refractories\/home\/"},"modified":"2016-04-26T10:34:05","modified_gmt":"2016-04-26T10:34:05","slug":"home","status":"publish","type":"page","link":"https:\/\/haense.de\/refractories\/","title":{"rendered":"Herzlich willkommen bei Haense Refractories"},"content":{"rendered":"<p>Als kompetenter Ansprechpartner steht die Haense Refractories f\u00fcr Qualit\u00e4t, Zuverl\u00e4ssigkeit und Flexibilit\u00e4t auf nationaler sowie internationaler Ebene in allen Bereichen des Feuerfestbaus.<\/p>\n<p>Mit unserem qualifizierten Fachpersonal und neuester technischer Ausr\u00fcstung, garantieren wir eine termingerechte Ausf\u00fchrung von Feuerfestbauprojekten aller Art.<\/p>","protected":false},"excerpt":{"rendered":"<p>Als kompetenter Ansprechpartner steht die Haense Refractories f\u00fcr Qualit\u00e4t, Zuverl\u00e4ssigkeit und Flexibilit\u00e4t auf nationaler sowie internationaler Ebene in allen Bereichen des Feuerfestbaus. Mit unserem qualifizierten Fachpersonal und neuester technischer Ausr\u00fcstung, garantieren wir eine termingerechte Ausf\u00fchrung von Feuerfestbauprojekten aller Art.<\/p>\n","protected":false},"author":1,"featured_media":300,"parent":0,"menu_order":-1,"comment_status":"open","ping_status":"open","template":"","meta":{"footnotes":""},"class_list":["post-4","page","type-page","status-publish","has-post-thumbnail","hentry"],"_links":{"self":[{"href":"https:\/\/haense.de\/refractories\/wp-json\/wp\/v2\/pages\/4","targetHints":{"allow":["GET"]}}],"collection":[{"href":"https:\/\/haense.de\/refractories\/wp-json\/wp\/v2\/pages"}],"about":[{"href":"https:\/\/haense.de\/refractories\/wp-json\/wp\/v2\/types\/page"}],"author":[{"embeddable":true,"href":"https:\/\/haense.de\/refractories\/wp-json\/wp\/v2\/users\/1"}],"replies":[{"embeddable":true,"href":"https:\/\/haense.de\/refractories\/wp-json\/wp\/v2\/comments?post=4"}],"version-history":[{"count":7,"href":"https:\/\/haense.de\/refractories\/wp-json\/wp\/v2\/pages\/4\/revisions"}],"predecessor-version":[{"id":269,"href":"https:\/\/haense.de\/refractories\/wp-json\/wp\/v2\/pages\/4\/revisions\/269"}],"wp:featuredmedia":[{"embeddable":true,"href":"https:\/\/haense.de\/refractories\/wp-json\/wp\/v2\/media\/300"}],"wp:attachment":[{"href":"https:\/\/haense.de\/refractories\/wp-json\/wp\/v2\/media?parent=4"}],"curies":[{"name":"wp","href":"https:\/\/api.w.org\/{rel}","templated":true}]}}